{"id":107,"date":"2020-08-25T08:59:19","date_gmt":"2020-08-25T08:59:19","guid":{"rendered":"https:\/\/bridge393.qodeinteractive.com\/?page_id=107"},"modified":"2025-04-21T15:32:15","modified_gmt":"2025-04-21T15:32:15","slug":"about","status":"publish","type":"page","link":"https:\/\/heuristic-chandrasekhar.94-143-138-185.plesk.page\/?page_id=107","title":{"rendered":"About"},"content":{"rendered":"\t\t<div data-elementor-type=\"wp-page\" data-elementor-id=\"107\" class=\"elementor elementor-107\">\n\t\t\t\t\t\t<section class=\"elementor-section elementor-top-section elementor-element elementor-element-45d1261 elementor-section-full_width elementor-section-height-default elementor-section-height-default parallax_section_no qode_elementor_container_no\" data-id=\"45d1261\" data-element_type=\"section\" data-settings=\"{&quot;background_background&quot;:&quot;classic&quot;}\">\n\t\t\t\t\t\t<div class=\"elementor-container elementor-column-gap-no\">\n\t\t\t\t\t<div class=\"elementor-column elementor-col-100 elementor-top-column elementor-element elementor-element-27a0fa5\" data-id=\"27a0fa5\" data-element_type=\"column\">\n\t\t\t<div class=\"elementor-widget-wrap elementor-element-populated\">\n\t\t\t\t\t\t<section class=\"elementor-section elementor-inner-section elementor-element elementor-element-c32c07a elementor-section-full_width qode_elementor_container_inner elementor-section-height-default elementor-section-height-default parallax_section_no\" data-id=\"c32c07a\" data-element_type=\"section\">\n\t\t\t\t\t\t<div class=\"elementor-container elementor-column-gap-no\">\n\t\t\t\t\t<div class=\"elementor-column elementor-col-50 elementor-inner-column elementor-element elementor-element-7261456\" data-id=\"7261456\" data-element_type=\"column\" data-settings=\"{&quot;background_background&quot;:&quot;classic&quot;}\">\n\t\t\t<div class=\"elementor-widget-wrap elementor-element-populated\">\n\t\t\t\t\t\t<div class=\"elementor-element elementor-element-411ee5bb elementor-widget__width-auto elementor-widget elementor-widget-text-editor\" data-id=\"411ee5bb\" data-element_type=\"widget\" data-widget_type=\"text-editor.default\">\n\t\t\t\t<div class=\"elementor-widget-container\">\n\t\t\t\t\t\t\t\t\t<h4>Filosof\u00eda<\/h4>\t\t\t\t\t\t\t\t<\/div>\n\t\t\t\t<\/div>\n\t\t\t\t<div class=\"elementor-element elementor-element-2eabe411 elementor-widget elementor-widget-text-editor\" data-id=\"2eabe411\" data-element_type=\"widget\" data-widget_type=\"text-editor.default\">\n\t\t\t\t<div class=\"elementor-widget-container\">\n\t\t\t\t\t\t\t\t\t<h4>&#8220;Lo que hoy es creaci\u00f3n, ma\u00f1ana ser\u00e1 legado.&#8221;<\/h4>\t\t\t\t\t\t\t\t<\/div>\n\t\t\t\t<\/div>\n\t\t\t\t<div class=\"elementor-element elementor-element-6c64155 elementor-widget elementor-widget-text-editor\" data-id=\"6c64155\" data-element_type=\"widget\" data-widget_type=\"text-editor.default\">\n\t\t\t\t<div class=\"elementor-widget-container\">\n\t\t\t\t\t\t\t\t\t<p class=\"\" data-start=\"332\" data-end=\"470\">Nada permanece inm\u00f3vil. Las estaciones se transforman, el r\u00edo fluye incansablemente, y cada segundo que vivimos se convierte en historia.<\/p><p data-start=\"332\" data-end=\"470\">\u00a0<\/p><p class=\"\" data-start=\"472\" data-end=\"826\">En un mundo donde todo se desvanece con el paso del tiempo, nuestra misi\u00f3n es capturar lo ef\u00edmero y transformarlo en algo eterno. Aqu\u00ed, donde el tiempo no ofrece retorno, entendemos que nuestra pasi\u00f3n no es simplemente un impulso, sino una corriente que, como un sutil reflejo, se extiende m\u00e1s all\u00e1 de nosotros y se transmite, generaci\u00f3n tras generaci\u00f3n.<\/p><p data-start=\"472\" data-end=\"826\">\u00a0<\/p><p class=\"\" data-start=\"828\" data-end=\"1133\">Creemos que cada prenda creada en <strong data-start=\"862\" data-end=\"882\">Atelier Escaloni<\/strong> es una obra de arte. Lo que hoy es nuevo, ma\u00f1ana ser\u00e1 legado, y lo que lleva en su tejido la huella del ardor y la dedicaci\u00f3n, con el paso de los a\u00f1os, ser\u00e1 recordado como lo que fue, lo que es, y lo que siempre ser\u00e1: lo bueno, lo valioso, lo eterno.<\/p><p data-start=\"828\" data-end=\"1133\">\u00a0<\/p><p class=\"\" data-start=\"1135\" data-end=\"1444\">Nuestro prop\u00f3sito no es solo dise\u00f1ar ropa. Queremos que cada pieza sea una manifestaci\u00f3n del tiempo, un testimonio de la pasi\u00f3n que, a trav\u00e9s de generaciones, se convierte en un objeto venerado. No buscamos seguir modas. Queremos trascenderlas, creando algo que viva, que respire, que se convierta en un arte.<\/p><p data-start=\"1135\" data-end=\"1444\">\u00a0<\/p><p class=\"\" data-start=\"1446\" data-end=\"1647\">La belleza y la admiraci\u00f3n por lo genuino se heredan, como un latido que se transmite a trav\u00e9s de la historia humana. Y en ese flujo eterno de evoluci\u00f3n, <strong data-start=\"1600\" data-end=\"1620\">Atelier Escaloni<\/strong> encuentra su raz\u00f3n de ser.<\/p><p data-start=\"1446\" data-end=\"1647\">\u00a0<\/p><p>Irina\u00a0 Petrova<\/p><p>Dise\u00f1adora y fabricante<\/p>\t\t\t\t\t\t\t\t<\/div>\n\t\t\t\t<\/div>\n\t\t\t\t\t<\/div>\n\t\t<\/div>\n\t\t\t\t<div class=\"elementor-column elementor-col-50 elementor-inner-column elementor-element elementor-element-eb0f96b\" data-id=\"eb0f96b\" data-element_type=\"column\">\n\t\t\t<div class=\"elementor-widget-wrap\">\n\t\t\t\t\t\t\t<\/div>\n\t\t<\/div>\n\t\t\t\t\t<\/div>\n\t\t<\/section>\n\t\t\t\t\t<\/div>\n\t\t<\/div>\n\t\t\t\t\t<\/div>\n\t\t<\/section>\n\t\t<div class=\"elementor-element elementor-element-bd03d94 e-flex e-con-boxed parallax_section_no qode_elementor_container_no e-con e-parent\" data-id=\"bd03d94\" data-element_type=\"container\">\n\t\t\t\t\t<div class=\"e-con-inner\">\n\t\t\t\t<div class=\"elementor-element elementor-element-7123ba3 elementor-widget elementor-widget-image\" data-id=\"7123ba3\" data-element_type=\"widget\" data-widget_type=\"image.default\">\n\t\t\t\t<div class=\"elementor-widget-container\">\n\t\t\t\t\t\t\t\t\t\t\t\t\t\t\t<img decoding=\"async\" src=\"https:\/\/heuristic-chandrasekhar.94-143-138-185.plesk.page\/wp-content\/plugins\/elementor\/assets\/images\/placeholder.png\" title=\"\" alt=\"\" loading=\"lazy\" \/>\t\t\t\t\t\t\t\t\t\t\t\t\t\t\t<\/div>\n\t\t\t\t<\/div>\n\t\t\t\t\t<\/div>\n\t\t\t\t<\/div>\n\t\t\t\t<\/div>\n\t\t","protected":false},"excerpt":{"rendered":"<p>Filosof\u00eda &#8220;Lo que hoy es creaci\u00f3n, ma\u00f1ana ser\u00e1 legado.&#8221; Nada permanece inm\u00f3vil. Las estaciones se transforman, el r\u00edo fluye incansablemente, y cada segundo que vivimos se convierte en historia. \u00a0 En un mundo donde todo se desvanece con el paso del tiempo, nuestra misi\u00f3n es&#8230;<\/p>\n","protected":false},"author":1,"featured_media":0,"parent":0,"menu_order":0,"comment_status":"closed","ping_status":"closed","template":"full_width.php","meta":{"content-type":"","footnotes":""},"class_list":["post-107","page","type-page","status-publish","hentry"],"_links":{"self":[{"href":"https:\/\/heuristic-chandrasekhar.94-143-138-185.plesk.page\/index.php?rest_route=\/wp\/v2\/pages\/107","targetHints":{"allow":["GET"]}}],"collection":[{"href":"https:\/\/heuristic-chandrasekhar.94-143-138-185.plesk.page\/index.php?rest_route=\/wp\/v2\/pages"}],"about":[{"href":"https:\/\/heuristic-chandrasekhar.94-143-138-185.plesk.page\/index.php?rest_route=\/wp\/v2\/types\/page"}],"author":[{"embeddable":true,"href":"https:\/\/heuristic-chandrasekhar.94-143-138-185.plesk.page\/index.php?rest_route=\/wp\/v2\/users\/1"}],"replies":[{"embeddable":true,"href":"https:\/\/heuristic-chandrasekhar.94-143-138-185.plesk.page\/index.php?rest_route=%2Fwp%2Fv2%2Fcomments&post=107"}],"version-history":[{"count":6,"href":"https:\/\/heuristic-chandrasekhar.94-143-138-185.plesk.page\/index.php?rest_route=\/wp\/v2\/pages\/107\/revisions"}],"predecessor-version":[{"id":203,"href":"https:\/\/heuristic-chandrasekhar.94-143-138-185.plesk.page\/index.php?rest_route=\/wp\/v2\/pages\/107\/revisions\/203"}],"wp:attachment":[{"href":"https:\/\/heuristic-chandrasekhar.94-143-138-185.plesk.page\/index.php?rest_route=%2Fwp%2Fv2%2Fmedia&parent=107"}],"curies":[{"name":"wp","href":"https:\/\/api.w.org\/{rel}","templated":true}]}}